{"id":67,"date":"2025-02-16T18:22:13","date_gmt":"2025-02-16T17:22:13","guid":{"rendered":"https:\/\/apartmajivitez.si\/?page_id=67"},"modified":"2025-02-16T18:47:16","modified_gmt":"2025-02-16T17:47:16","slug":"politika-zasebnosti","status":"publish","type":"page","link":"https:\/\/apartmajivitez.si\/en\/politika-zasebnosti\/","title":{"rendered":"Privacy Policy"},"content":{"rendered":"<div data-elementor-type=\"wp-page\" data-elementor-id=\"67\" class=\"elementor elementor-67\">\n\t\t\t\t<div class=\"elementor-element elementor-element-a5adb0e e-flex e-con-boxed e-con e-parent\" data-id=\"a5adb0e\" data-element_type=\"container\">\n\t\t\t\t\t<div class=\"e-con-inner\">\n\t\t\t\t<div class=\"elementor-element elementor-element-c0a0107 elementor-widget elementor-widget-html\" data-id=\"c0a0107\" data-element_type=\"widget\" data-widget_type=\"html.default\">\n\t\t\t\t<div class=\"elementor-widget-container\">\n\t\t\t\t\t<h1 class=\"privacy-policy-h1\">Privacy Policy<br><span>Zadnja posodobitev: 16. februar 2025<\/span><br><span>Datum za\u010detka veljavnosti: 16. februar 2025<\/span><\/h1>\r\n\r\n<p class=\"privacy-policy-p\">\r\n    Ta politika zasebnosti opisuje politike podjetja\r\n\r\n    Apartmaji Vitez,\r\n    Vrtojbenska cesta 14B, \u0160empeter pri Gorici,\r\n    SI\r\n    5290,\r\n    Slovenija,\r\n    e-po\u0161ta: apartmajivitez@gmail.com,\r\n    telefon: +38641883910\r\n\r\n    glede zbiranja,\r\n    uporabe in razkritja va\u0161ih podatkov, ki jih zbiramo,\r\n    ko uporabljate na\u0161o spletno stran ( https:\/\/apartmajivitez.si ).\r\n    (v nadaljevanju \"storitev\"). Z dostopom do storitve ali njeno uporabo\r\n    sogla\u0161ate z zbiranjem, uporabo in razkritjem va\u0161ih podatkov\r\n    v skladu s to politiko zasebnosti. \u010ce se s tem ne strinjate,\r\n    vas prosimo, da ne dostopate do storitve ali je ne uporabljate.\r\n<\/p>\r\n\r\n<p class=\"privacy-policy-p\">\r\n    To politiko zasebnosti lahko kadarkoli spremenimo brez\r\n    predhodnega obvestila in objavili bomo posodobljeno\r\n    razli\u010dico na storitvi. Posodobljena politika bo za\u010dela\r\n    veljati 180 dni po objavi in \u010de boste po tem \u0161e naprej\r\n    uporabljali storitev, bo to pomenilo va\u0161e sprejetje\r\n    spremenjene politike zasebnosti. Zato priporo\u010damo, da\r\n    to stran ob\u010dasno preverite.\r\n<\/p>\r\n\r\n<ol class=\"privacy-policy-ol\">\r\n    <li>\r\n        <h2 class=\"privacy-policy-h2\">Podatki, ki jih zbiramo:<\/h2>\r\n        <p class=\"privacy-policy-p\">\r\n            Zbirali in obdelovali bomo naslednje osebne podatke o vas:\r\n        <\/p>\r\n        <ol class=\"privacy-policy-ol\">\r\n            <li>Name<\/li>\r\n            <li>E-po\u0161ta<\/li>\r\n            <li>Mobilna \u0161tevilka<\/li>\r\n        <\/ol>\r\n    <\/li>\r\n    <li>\r\n        <h2 class=\"privacy-policy-h2\">Kako uporabljamo va\u0161e podatke:<\/h2>\r\n        <p class=\"privacy-policy-p\">\r\n            Zbrane podatke bomo uporabili za naslednje namene:\r\n        <\/p>\r\n        <ol class=\"privacy-policy-ol\">\r\n            <li>Upravljanje naro\u010dil strank<\/li>\r\n        <\/ol>\r\n        <p class=\"privacy-policy-p\">\r\n            \u010ce bomo va\u0161e podatke \u017eeleli uporabiti za kateri koli drug namen,\r\n            vas bomo predhodno zaprosili za soglasje in jih uporabili\r\n            samo s prejetim soglasjem ter zgolj za dolo\u010den namen,\r\n            razen \u010de zakon zahteva druga\u010de.\r\n        <\/p>\r\n    <\/li>\r\n    <li>\r\n        <h2 class=\"privacy-policy-h2\">Hramba va\u0161ih podatkov:<\/h2>\r\n        <p class=\"privacy-policy-p\">\r\n            Va\u0161e osebne podatke bomo hranili od 90 dni do 2 let po tem,\r\n            ko uporabni\u0161ki ra\u010dun ostane nedejaven, ali toliko \u010dasa,\r\n            kolikor je potrebno za izpolnitev namenov, za katere so bili\r\n            zbrani. Nekatere podatke bomo morda morali hraniti dlje,\r\n            na primer zaradi zakonskih zahtev, prepre\u010devanja goljufij itd.\r\n            Anonimni in zdru\u017eeni podatki, ki vas neposredno ali posredno\r\n            ne identificirajo, se lahko hranijo neomejeno.\r\n        <\/p>\r\n    <\/li>\r\n    <li>\r\n        <h2 class=\"privacy-policy-h2\">Va\u0161e pravice:<\/h2>\r\n        <p class=\"privacy-policy-p\">\r\n            Glede na veljavno zakonodajo imate pravico do dostopa,\r\n            popravka ali izbrisa va\u0161ih osebnih podatkov, prejema kopije\r\n            va\u0161ih podatkov, omejitve ali ugovora proti njihovi obdelavi,\r\n            prenosa podatkov, preklica privolitve in vlo\u017eitve prito\u017ebe\r\n            pri pristojnem organu. Za uveljavljanje teh pravic nas lahko\r\n            kontaktirate na apartmajivitez@gmail.com.\r\n        <\/p>\r\n        <p class=\"privacy-policy-p\">\r\n            \u010ce nam ne dovolite zbiranja ali obdelave zahtevanih osebnih podatkov\r\n            ali prekli\u010dete soglasje, morda ne boste mogli dostopati do nekaterih\r\n            storitev.\r\n        <\/p>\r\n    <\/li>\r\n    <li>\r\n        <h2 class=\"privacy-policy-h2\">Pi\u0161kotki itd.<\/h2>\r\n        <p class=\"privacy-policy-p\">\r\n            \u010ce \u017eelite izvedeti ve\u010d o uporabi pi\u0161kotkov in drugih\r\n            sledilnih tehnologij ter va\u0161ih mo\u017enostih glede njih,\r\n            si oglejte na\u0161o <a href=\"https:\/\/apartmajivitez.si\/en\/piskotki\/\">Politiko pi\u0161kotkov.<\/a>\r\n        <\/p>\r\n    <\/li>\r\n    <li>\r\n        <h2 class=\"privacy-policy-h2\">Varnost:<\/h2>\r\n        <p class=\"privacy-policy-p\">\r\n            Varnost va\u0161ih podatkov nam je pomembna in bomo uporabili\r\n            razumne varnostne ukrepe za prepre\u010devanje izgube,\r\n            zlorabe ali nepoobla\u0161\u010denega spreminjanja va\u0161ih podatkov.\r\n            Vendar zaradi narave interneta ne moremo zagotoviti\r\n            absolutne varnosti.\r\n        <\/p>\r\n    <\/li>\r\n    <li>\r\n        <h2 class=\"privacy-policy-h2\">Prito\u017ebe \/ poobla\u0161\u010dena oseba za varstvo podatkov:<\/h2>\r\n        <p class=\"privacy-policy-p\">\r\n            \u010ce imate kakr\u0161na koli vpra\u0161anja ali pomisleke glede obdelave\r\n            va\u0161ih podatkov, se lahko obrnete na na\u0161o poobla\u0161\u010deno osebo za varstvo podatkov:\r\n            Marija Vitez,\r\n            Vrtojbenska cesta 14B, \u0160empeter pri Gorici,\r\n            e-po\u0161ta: apartmajivitez@gmail.com.\r\n            Va\u0161e pomisleke bomo obravnavali v skladu z veljavno zakonodajo.\r\n        <\/p>\r\n    <\/li>\r\n<\/ol>\r\n\t\t\t\t<\/div>\n\t\t\t\t<\/div>\n\t\t\t\t\t<\/div>\n\t\t\t\t<\/div>\n\t\t\t\t<\/div>","protected":false},"excerpt":{"rendered":"<p>Politika zasebnostiZadnja posodobitev: 16. februar 2025Datum za\u010detka veljavnosti: 16. februar 2025 Ta politika zasebnosti opisuje politike podjetja Apartmaji Vitez, Vrtojbenska cesta 14B, \u0160empeter pri Gorici, SI 5290, Slovenija, e-po\u0161ta: apartmajivitez@gmail.com, telefon: +38641883910 glede zbiranja, uporabe in razkritja va\u0161ih podatkov, ki jih zbiramo, ko uporabljate na\u0161o spletno stran ( https:\/\/apartmajivitez.si ). (v nadaljevanju &#8220;storitev&#8221;). Z dostopom [&hellip;]<\/p>","protected":false},"author":1,"featured_media":0,"parent":0,"menu_order":0,"comment_status":"closed","ping_status":"closed","template":"","meta":{"footnotes":""},"class_list":["post-67","page","type-page","status-publish","hentry","entry"],"_links":{"self":[{"href":"https:\/\/apartmajivitez.si\/en\/wp-json\/wp\/v2\/pages\/67","targetHints":{"allow":["GET"]}}],"collection":[{"href":"https:\/\/apartmajivitez.si\/en\/wp-json\/wp\/v2\/pages"}],"about":[{"href":"https:\/\/apartmajivitez.si\/en\/wp-json\/wp\/v2\/types\/page"}],"author":[{"embeddable":true,"href":"https:\/\/apartmajivitez.si\/en\/wp-json\/wp\/v2\/users\/1"}],"replies":[{"embeddable":true,"href":"https:\/\/apartmajivitez.si\/en\/wp-json\/wp\/v2\/comments?post=67"}],"version-history":[{"count":7,"href":"https:\/\/apartmajivitez.si\/en\/wp-json\/wp\/v2\/pages\/67\/revisions"}],"predecessor-version":[{"id":75,"href":"https:\/\/apartmajivitez.si\/en\/wp-json\/wp\/v2\/pages\/67\/revisions\/75"}],"wp:attachment":[{"href":"https:\/\/apartmajivitez.si\/en\/wp-json\/wp\/v2\/media?parent=67"}],"curies":[{"name":"wp","href":"https:\/\/api.w.org\/{rel}","templated":true}]}}